{"id":183,"date":"2022-12-25T15:03:17","date_gmt":"2022-12-25T12:03:17","guid":{"rendered":"https:\/\/www.profdronatuzumcugil.comvideos\/"},"modified":"2023-01-05T15:23:24","modified_gmt":"2023-01-05T12:23:24","slug":"videos","status":"publish","type":"page","link":"https:\/\/www.profdronatuzumcugil.com\/en\/videos\/","title":{"rendered":"Videos"},"content":{"rendered":"<div class=\"wp-block-columns is-layout-flex wp-container-core-columns-is-layout-9d6595d7 wp-block-columns-is-layout-flex\">\n<div class=\"wp-block-column is-layout-flow wp-block-column-is-layout-flow\">\n<figure class=\"wp-block-embed is-type-video is-provider-youtube wp-block-embed-youtube wp-embed-aspect-16-9 wp-has-aspect-ratio\">\n<div class=\"wp-block-embed__wrapper\">\n<iframe loading=\"lazy\" title=\"Omuzda Eklem Sertli\u011fi |\u00a0Prof. Dr. Onat \u00dcz\u00fcmc\u00fcgil\" width=\"500\" height=\"281\" src=\"https:\/\/www.youtube.com\/embed\/I4Myu3Vxegs?start=3&feature=oembed\" frameborder=\"0\" allow=\"accelerometer; autoplay; clipboard-write; encrypted-media; gyroscope; picture-in-picture; web-share\" referrerpolicy=\"strict-origin-when-cross-origin\" allowfullscreen><\/iframe>\n<\/div>\n<\/figure>\n<\/div>\n<div class=\"wp-block-column is-layout-flow wp-block-column-is-layout-flow\">\n<figure class=\"wp-block-embed is-type-video is-provider-youtube wp-block-embed-youtube wp-embed-aspect-16-9 wp-has-aspect-ratio\">\n<div class=\"wp-block-embed__wrapper\">\n<iframe loading=\"lazy\" title=\"Skolyoz(Omurga E\u011frili\u011fi) | Prof. Dr. Onat \u00dcz\u00fcmc\u00fcgil\" width=\"500\" height=\"281\" src=\"https:\/\/www.youtube.com\/embed\/76sL5aZvo74?feature=oembed\" frameborder=\"0\" allow=\"accelerometer; autoplay; clipboard-write; encrypted-media; gyroscope; picture-in-picture; web-share\" referrerpolicy=\"strict-origin-when-cross-origin\" allowfullscreen><\/iframe>\n<\/div>\n<\/figure>\n<\/div>\n<div class=\"wp-block-column is-layout-flow wp-block-column-is-layout-flow\">\n<figure class=\"wp-block-embed is-type-video is-provider-youtube wp-block-embed-youtube wp-embed-aspect-16-9 wp-has-aspect-ratio\">\n<div class=\"wp-block-embed__wrapper\">\n<iframe loading=\"lazy\" title=\"???? Menisk\u00fcs Nedir? | Prof. Dr. Onat \u00dcz\u00fcmc\u00fcgil\" width=\"500\" height=\"281\" src=\"https:\/\/www.youtube.com\/embed\/-MHN1iyqBjU?feature=oembed\" frameborder=\"0\" allow=\"accelerometer; autoplay; clipboard-write; encrypted-media; gyroscope; picture-in-picture; web-share\" referrerpolicy=\"strict-origin-when-cross-origin\" allowfullscreen><\/iframe>\n<\/div>\n<\/figure>\n<\/div>\n<\/div>\n","protected":false},"excerpt":{"rendered":"","protected":false},"author":1,"featured_media":0,"parent":0,"menu_order":0,"comment_status":"closed","ping_status":"closed","template":"","meta":{"_acf_changed":false,"footnotes":""},"class_list":["post-183","page","type-page","status-publish","hentry"],"acf":[],"aioseo_notices":[],"_links":{"self":[{"href":"https:\/\/www.profdronatuzumcugil.com\/en\/wp-json\/wp\/v2\/pages\/183","targetHints":{"allow":["GET"]}}],"collection":[{"href":"https:\/\/www.profdronatuzumcugil.com\/en\/wp-json\/wp\/v2\/pages"}],"about":[{"href":"https:\/\/www.profdronatuzumcugil.com\/en\/wp-json\/wp\/v2\/types\/page"}],"author":[{"embeddable":true,"href":"https:\/\/www.profdronatuzumcugil.com\/en\/wp-json\/wp\/v2\/users\/1"}],"replies":[{"embeddable":true,"href":"https:\/\/www.profdronatuzumcugil.com\/en\/wp-json\/wp\/v2\/comments?post=183"}],"version-history":[{"count":8,"href":"https:\/\/www.profdronatuzumcugil.com\/en\/wp-json\/wp\/v2\/pages\/183\/revisions"}],"predecessor-version":[{"id":353,"href":"https:\/\/www.profdronatuzumcugil.com\/en\/wp-json\/wp\/v2\/pages\/183\/revisions\/353"}],"wp:attachment":[{"href":"https:\/\/www.profdronatuzumcugil.com\/en\/wp-json\/wp\/v2\/media?parent=183"}],"curies":[{"name":"wp","href":"https:\/\/api.w.org\/{rel}","templated":true}]}}