{"id":273,"date":"2023-01-03T23:58:13","date_gmt":"2023-01-03T20:58:13","guid":{"rendered":"https:\/\/www.profdronatuzumcugil.comhome\/"},"modified":"2023-02-24T00:33:02","modified_gmt":"2023-02-23T21:33:02","slug":"home","status":"publish","type":"page","link":"https:\/\/www.profdronatuzumcugil.com\/en\/","title":{"rendered":"Home"},"content":{"rendered":"<p>Dr Onat \u00dcz\u00fcmc\u00fcgil was born in K\u00fctahya in 1974 as the second son of a dentist father and a teacher mother. After completing his primary, secondary and high school education, he started his medical education at Istanbul University Istanbul Faculty of Medicine in 1992. After completing his 6-year medical education, he started to work at Ankara SSK D\u0131\u015fkap\u0131 Training Hospital in 2000 to start specializing in orthopedics and traumatology.<\/p>\n<p>He successfully completed the 4-year residency training program and started to work as an orthopedics and traumatology specialist at the Ministry of Health Istanbul Training and Research Hospital in the beginning of 2005 as a chief assistant. Meanwhile, he worked at Diyarbak\u0131r Military Hospital for a year for his military service. After intensive clinical and academic studies at home and abroad between 2007-2012, he was successful in the associate professorship exam and received the title of Associate Professor.<\/p>\n<p>At the beginning of 2013, he started to work at Medical Park Bah\u00e7elievler Hospital as a founding faculty member of Alt\u0131nba\u015f University Faculty of Medicine (English) for a new career start. Dr. \u00dcz\u00fcmc\u00fcgil, who taught English to medical students at the same university for 6 years and continued his academic and clinical studies, was awarded the title of Professor in 2017.<\/p>\n<p>Prof. Dr. Onat \u00dcz\u00fcmc\u00fcgil , who is married and a father of two children, is particularly interested in spine, shoulder and knee diseases.<\/p>\n","protected":false},"excerpt":{"rendered":"<p>Dr Onat \u00dcz\u00fcmc\u00fcgil was born in K\u00fctahya in 1974 as the second son of a dentist father and a teacher mother. After completing his primary, secondary and high school education, he started his medical education at Istanbul University Istanbul Faculty of Medicine in 1992. After completing his 6-year medical education, he started to work at [&hellip;]<\/p>\n","protected":false},"author":1,"featured_media":113,"parent":0,"menu_order":0,"comment_status":"closed","ping_status":"closed","template":"page-home.php","meta":{"_acf_changed":false,"footnotes":""},"class_list":["post-273","page","type-page","status-publish","has-post-thumbnail","hentry"],"acf":[],"aioseo_notices":[],"_links":{"self":[{"href":"https:\/\/www.profdronatuzumcugil.com\/en\/wp-json\/wp\/v2\/pages\/273","targetHints":{"allow":["GET"]}}],"collection":[{"href":"https:\/\/www.profdronatuzumcugil.com\/en\/wp-json\/wp\/v2\/pages"}],"about":[{"href":"https:\/\/www.profdronatuzumcugil.com\/en\/wp-json\/wp\/v2\/types\/page"}],"author":[{"embeddable":true,"href":"https:\/\/www.profdronatuzumcugil.com\/en\/wp-json\/wp\/v2\/users\/1"}],"replies":[{"embeddable":true,"href":"https:\/\/www.profdronatuzumcugil.com\/en\/wp-json\/wp\/v2\/comments?post=273"}],"version-history":[{"count":14,"href":"https:\/\/www.profdronatuzumcugil.com\/en\/wp-json\/wp\/v2\/pages\/273\/revisions"}],"predecessor-version":[{"id":451,"href":"https:\/\/www.profdronatuzumcugil.com\/en\/wp-json\/wp\/v2\/pages\/273\/revisions\/451"}],"wp:featuredmedia":[{"embeddable":true,"href":"https:\/\/www.profdronatuzumcugil.com\/en\/wp-json\/wp\/v2\/media\/113"}],"wp:attachment":[{"href":"https:\/\/www.profdronatuzumcugil.com\/en\/wp-json\/wp\/v2\/media?parent=273"}],"curies":[{"name":"wp","href":"https:\/\/api.w.org\/{rel}","templated":true}]}}