{"id":201,"date":"2022-12-24T22:57:55","date_gmt":"2022-12-24T19:57:55","guid":{"rendered":"https:\/\/www.profdronatuzumcugil.coma-propos\/"},"modified":"2023-02-24T00:30:17","modified_gmt":"2023-02-23T21:30:17","slug":"a-propos","status":"publish","type":"page","link":"https:\/\/www.profdronatuzumcugil.com\/fr\/a-propos\/","title":{"rendered":"\u00c0 propos"},"content":{"rendered":"<p><a href=\"https:\/\/docs.google.com\/spreadsheets\/u\/0\/?authuser=0&usp=sheets_web\"><\/a><\/p>\n<p>Le Dr Onat \u00dcz\u00fcmc\u00fcgil est n\u00e9 \u00e0 K\u00fctahya en 1974 en tant que deuxi\u00e8me fils d\u2019un p\u00e8re dentiste et d\u2019une m\u00e8re enseignante. Apr\u00e8s avoir termin\u00e9 ses \u00e9tudes primaires, secondaires et secondaires, il a commenc\u00e9 sa formation m\u00e9dicale \u00e0 la Facult\u00e9 de m\u00e9decine de l\u2019Universit\u00e9 d\u2019Istanbul en 1992. <\/p>\n<p>Apr\u00e8s avoir termin\u00e9 sa formation m\u00e9dicale de 6 ans, il a commenc\u00e9 \u00e0 travailler \u00e0 l\u2019h\u00f4pital de formation SSK D\u0131\u015fkap\u0131 d\u2019Ankara en 2000 pour commencer \u00e0 se sp\u00e9cialiser. En orthop\u00e9die et traumatologie. Il a termin\u00e9 avec succ\u00e8s le programme de formation en r\u00e9sidence de 4 ans et a commenc\u00e9 \u00e0 travailler comme sp\u00e9cialiste en orthop\u00e9die et traumatologie au minist\u00e8re de la Sant\u00e9 de l\u2019h\u00f4pital de formation et de recherche d\u2019Istanbul au d\u00e9but de 2005 en tant qu\u2019assistant en chef. <\/p>\n<p>Pendant ce temps, il a travaill\u00e9 \u00e0 l\u2019h\u00f4pital militaire de Diyarbak\u0131r pendant un an pour son service militaire. Apr\u00e8s des \u00e9tudes cliniques et acad\u00e9miques intensives dans son pays et \u00e0 l\u2019\u00e9tranger entre 2007 et 2012, il a r\u00e9ussi l\u2019examen de professeur associ\u00e9 et a re\u00e7u le titre de professeur associ\u00e9. D\u00e9but 2013, il a commenc\u00e9 \u00e0 travailler \u00e0 l\u2019h\u00f4pital Medical Park Bah\u00e7elievler en tant que membre fondateur du corps professoral de la facult\u00e9 de m\u00e9decine de l\u2019Universit\u00e9 d\u2019Alt\u0131nba\u015f (anglais) pour un nouveau d\u00e9part de carri\u00e8re. Le Dr \u00dcz\u00fcmc\u00fcgil, qui a enseign\u00e9 l\u2019anglais aux \u00e9tudiants en m\u00e9decine de la m\u00eame universit\u00e9 pendant 6 ans et a poursuivi ses \u00e9tudes acad\u00e9miques et cliniques, a re\u00e7u le titre de professeur en 2017. <\/p>\n<p>Le professeur Dr. Onat \u00dcz\u00fcmc\u00fcgil, mari\u00e9 et p\u00e8re de deux enfants, s\u2019int\u00e9resse particuli\u00e8rement aux maladies de la colonne vert\u00e9brale, des \u00e9paules et des genoux.<\/p>\n","protected":false},"excerpt":{"rendered":"<p>Le Dr Onat \u00dcz\u00fcmc\u00fcgil est n\u00e9 \u00e0 K\u00fctahya en 1974 en tant que deuxi\u00e8me fils d\u2019un p\u00e8re dentiste et d\u2019une m\u00e8re enseignante. Apr\u00e8s avoir termin\u00e9 ses \u00e9tudes primaires, secondaires et secondaires, il a commenc\u00e9 sa formation m\u00e9dicale \u00e0 la Facult\u00e9 de m\u00e9decine de l\u2019Universit\u00e9 d\u2019Istanbul en 1992. Apr\u00e8s avoir termin\u00e9 sa formation m\u00e9dicale de 6 [&hellip;]<\/p>\n","protected":false},"author":1,"featured_media":114,"parent":0,"menu_order":0,"comment_status":"closed","ping_status":"closed","template":"page-about.php","meta":{"_acf_changed":false,"footnotes":""},"class_list":["post-201","page","type-page","status-publish","has-post-thumbnail","hentry"],"acf":[],"aioseo_notices":[],"_links":{"self":[{"href":"https:\/\/www.profdronatuzumcugil.com\/fr\/wp-json\/wp\/v2\/pages\/201","targetHints":{"allow":["GET"]}}],"collection":[{"href":"https:\/\/www.profdronatuzumcugil.com\/fr\/wp-json\/wp\/v2\/pages"}],"about":[{"href":"https:\/\/www.profdronatuzumcugil.com\/fr\/wp-json\/wp\/v2\/types\/page"}],"author":[{"embeddable":true,"href":"https:\/\/www.profdronatuzumcugil.com\/fr\/wp-json\/wp\/v2\/users\/1"}],"replies":[{"embeddable":true,"href":"https:\/\/www.profdronatuzumcugil.com\/fr\/wp-json\/wp\/v2\/comments?post=201"}],"version-history":[{"count":4,"href":"https:\/\/www.profdronatuzumcugil.com\/fr\/wp-json\/wp\/v2\/pages\/201\/revisions"}],"predecessor-version":[{"id":447,"href":"https:\/\/www.profdronatuzumcugil.com\/fr\/wp-json\/wp\/v2\/pages\/201\/revisions\/447"}],"wp:featuredmedia":[{"embeddable":true,"href":"https:\/\/www.profdronatuzumcugil.com\/fr\/wp-json\/wp\/v2\/media\/114"}],"wp:attachment":[{"href":"https:\/\/www.profdronatuzumcugil.com\/fr\/wp-json\/wp\/v2\/media?parent=201"}],"curies":[{"name":"wp","href":"https:\/\/api.w.org\/{rel}","templated":true}]}}